{"id":11,"date":"2023-08-19T06:12:00","date_gmt":"2023-08-19T06:12:00","guid":{"rendered":"https:\/\/www.uninova.fi\/?page_id=11"},"modified":"2023-08-19T06:12:01","modified_gmt":"2023-08-19T06:12:01","slug":"yritys","status":"publish","type":"page","link":"https:\/\/www.uninova.fi\/?page_id=11","title":{"rendered":"Yritys"},"content":{"rendered":"\n<h1 class=\"wp-block-heading\">Tietoa meist\u00e4<\/h1>\n\n\n\n<p>Olemme saaneet Euroopan aluekehitysrahastolta avustusta yrityksemme kaapelink\u00e4sittely laitteistoon vuonna 2021.<\/p>\n\n\n\n<p>Uninova Oy:ss\u00e4 on meneill\u00e4\u00e4n&nbsp;&nbsp;hanke. Hankkeessa mm. nostetaan jalostusastetta uudistamalla konekantaa. Tavoitteena on ottaa k\u00e4ytt\u00f6\u00f6n uusia ty\u00f6menetelmi\u00e4, parantaa tuottavuutta ja kehitt\u00e4\u00e4 laatua ja kilpailukyky\u00e4.<\/p>\n\n\n\n<p>Koneinvestoinnin my\u00f6t\u00e4 pystymme lyhent\u00e4m\u00e4\u00e4n hankintaketjua, nopeuttamaan tuotteiden valmistusta sek\u00e4 parantamaan toimitusvarmuutta ja palvelukapasiteettia. Hankkeella tulee olemaan my\u00f6s suotuisia henkil\u00f6st\u00f6vaikutuksia.<\/p>\n\n\n\n<p>Hankkeelle on saatu avustus Euroopan Unionin Euroopan aluekehitysrahastolta.<\/p>\n\n\n\n<h2 class=\"wp-block-heading\">Laatutakuu<\/h2>\n\n\n\n<p><strong>Uninova Oy henkil\u00f6kunnalla on vuosikymmenien yhteenlaskettu kokemus metallien kierr\u00e4tyksest\u00e4. Meid\u00e4n osaavien k\u00e4sien j\u00e4lkeen maailma on vihre\u00e4mpi.<\/strong><\/p>\n\n\n\n<p>Meille romu on arvokasta raaka-ainetta mink\u00e4 jalostamisen me osaamme ja samalla edesautamme asiakkaitamme saamaan parhaan hinnan heill\u00e4 syntyvist\u00e4 romuista. Liity sin\u00e4kin entist\u00e4 tyytyv\u00e4isempien asiakkaittemme joukkoon ja yhdess\u00e4 jalanj\u00e4lkemme on huomattavasti vihre\u00e4mpi.<\/p>\n\n\n\n<p>Henkil\u00f6kuntamme yhteenlaskettu ammattitaito vuosissa on pitk\u00e4lle yli 100 vuotta. Olemme toimineet Haminan satamassa yli 10 vuotta. Uninova Oy on t\u00e4ysin Suomalainen yksityinen yritys ja olemme alamme johtava yritys Suomessa.<\/p>\n\n\n\n<p>Tuotamme raaka-aineita sulattamoille, tehtaille ja muille metallin k\u00e4ytt\u00e4jille. Tuotteemme ovat korkealaatuisia ja helposti jatkok\u00e4sitelt\u00e4vi\u00e4.<\/p>\n","protected":false},"excerpt":{"rendered":"<p>Tietoa meist\u00e4 Olemme saaneet Euroopan aluekehitysrahastolta avustusta yrityksemme kaapelink\u00e4sittely laitteistoon vuonna 2021. Uninova Oy:ss\u00e4 on meneill\u00e4\u00e4n&nbsp;&nbsp;hanke. Hankkeessa mm. nostetaan jalostusastetta uudistamalla konekantaa. Tavoitteena on ottaa k\u00e4ytt\u00f6\u00f6n uusia ty\u00f6menetelmi\u00e4, parantaa tuottavuutta ja kehitt\u00e4\u00e4 laatua ja kilpailukyky\u00e4. Koneinvestoinnin my\u00f6t\u00e4 pystymme lyhent\u00e4m\u00e4\u00e4n hankintaketjua, nopeuttamaan tuotteiden valmistusta sek\u00e4 parantamaan toimitusvarmuutta ja palvelukapasiteettia. Hankkeella tulee olemaan my\u00f6s suotuisia henkil\u00f6st\u00f6vaikutuksia. Hankkeelle [&hellip;]<\/p>\n","protected":false},"author":1,"featured_media":0,"parent":0,"menu_order":0,"comment_status":"closed","ping_status":"closed","template":"","meta":{"footnotes":""},"class_list":["post-11","page","type-page","status-publish","hentry","post"],"_links":{"self":[{"href":"https:\/\/www.uninova.fi\/index.php?rest_route=\/wp\/v2\/pages\/11","targetHints":{"allow":["GET"]}}],"collection":[{"href":"https:\/\/www.uninova.fi\/index.php?rest_route=\/wp\/v2\/pages"}],"about":[{"href":"https:\/\/www.uninova.fi\/index.php?rest_route=\/wp\/v2\/types\/page"}],"author":[{"embeddable":true,"href":"https:\/\/www.uninova.fi\/index.php?rest_route=\/wp\/v2\/users\/1"}],"replies":[{"embeddable":true,"href":"https:\/\/www.uninova.fi\/index.php?rest_route=%2Fwp%2Fv2%2Fcomments&post=11"}],"version-history":[{"count":1,"href":"https:\/\/www.uninova.fi\/index.php?rest_route=\/wp\/v2\/pages\/11\/revisions"}],"predecessor-version":[{"id":12,"href":"https:\/\/www.uninova.fi\/index.php?rest_route=\/wp\/v2\/pages\/11\/revisions\/12"}],"wp:attachment":[{"href":"https:\/\/www.uninova.fi\/index.php?rest_route=%2Fwp%2Fv2%2Fmedia&parent=11"}],"curies":[{"name":"wp","href":"https:\/\/api.w.org\/{rel}","templated":true}]}}