{"id":42,"date":"2023-08-20T12:14:14","date_gmt":"2023-08-20T12:14:14","guid":{"rendered":"https:\/\/www.uninova.fi\/?page_id=42"},"modified":"2023-08-20T16:57:29","modified_gmt":"2023-08-20T16:57:29","slug":"tuotteet","status":"publish","type":"page","link":"https:\/\/www.uninova.fi\/?page_id=42","title":{"rendered":"Tuotteet"},"content":{"rendered":"<h3>PIST\u00c4 METALLIROMUT kierr\u00e4tykseen &#8211; Metallin laadulla ja i\u00e4ll\u00e4 ei ole v\u00e4li\u00e4.<\/h3>\n<h2>Ostamme:<\/h2>\n<ul>\n<li>Romuautot- kuivatut, ilman nesteit\u00e4<\/li>\n<li>Kierr\u00e4tykseen kelpaavat kaikki kotitalouden metalliromut &#8211; kuten pesukoneet, polkupy\u00f6r\u00e4t, kipot, kattilat, pellit yms. EI J\u00c4\u00c4KAAPPEJA<\/li>\n<li>V\u00e4rimetallit: kupari, alumiini, messinki, pronssi, ruostumaton ja haponkest\u00e4v\u00e4 ter\u00e4s jms.<\/li>\n<\/ul>\n<p>Voit tuoda romumetallit omalla autolla. <strong>Myy romumetallia ja tienaa rahaa!<\/strong> Meill\u00e4 ei ole punnitusmaksuja.<\/p>\n<p><strong>Huom:<\/strong>\u00a0Emme vastaanota ongelmaj\u00e4tteit\u00e4. Kuormien mukana mahdollisesti tulleet ongelmaj\u00e4tteet palautetaan tuojalle t\u00e4m\u00e4n kustannuksella.<\/p>\n<p>Toimitamme my\u00f6s vaihtolavoja metalliromun ker\u00e4\u00e4mist\u00e4 varten sek\u00e4 yksityisille ett\u00e4 teollisuuskiinteist\u00f6ille ja rakennusty\u00f6maille. Tuomme ja noudamme lavat sopimuksen mukaan.<\/p>\n","protected":false},"excerpt":{"rendered":"<p>PIST\u00c4 METALLIROMUT kierr\u00e4tykseen &#8211; Metallin laadulla ja i\u00e4ll\u00e4 ei ole v\u00e4li\u00e4. Ostamme: Romuautot- kuivatut, ilman nesteit\u00e4 Kierr\u00e4tykseen kelpaavat kaikki kotitalouden metalliromut &#8211; kuten pesukoneet, polkupy\u00f6r\u00e4t, kipot, kattilat, pellit yms. EI J\u00c4\u00c4KAAPPEJA V\u00e4rimetallit: kupari, alumiini, messinki, pronssi, ruostumaton ja haponkest\u00e4v\u00e4 ter\u00e4s jms. Voit tuoda romumetallit omalla autolla. Myy romumetallia ja tienaa rahaa! Meill\u00e4 ei ole punnitusmaksuja. [&hellip;]<\/p>\n","protected":false},"author":1,"featured_media":0,"parent":0,"menu_order":0,"comment_status":"closed","ping_status":"closed","template":"","meta":{"footnotes":""},"class_list":["post-42","page","type-page","status-publish","hentry","post"],"_links":{"self":[{"href":"https:\/\/www.uninova.fi\/index.php?rest_route=\/wp\/v2\/pages\/42","targetHints":{"allow":["GET"]}}],"collection":[{"href":"https:\/\/www.uninova.fi\/index.php?rest_route=\/wp\/v2\/pages"}],"about":[{"href":"https:\/\/www.uninova.fi\/index.php?rest_route=\/wp\/v2\/types\/page"}],"author":[{"embeddable":true,"href":"https:\/\/www.uninova.fi\/index.php?rest_route=\/wp\/v2\/users\/1"}],"replies":[{"embeddable":true,"href":"https:\/\/www.uninova.fi\/index.php?rest_route=%2Fwp%2Fv2%2Fcomments&post=42"}],"version-history":[{"count":1,"href":"https:\/\/www.uninova.fi\/index.php?rest_route=\/wp\/v2\/pages\/42\/revisions"}],"predecessor-version":[{"id":44,"href":"https:\/\/www.uninova.fi\/index.php?rest_route=\/wp\/v2\/pages\/42\/revisions\/44"}],"wp:attachment":[{"href":"https:\/\/www.uninova.fi\/index.php?rest_route=%2Fwp%2Fv2%2Fmedia&parent=42"}],"curies":[{"name":"wp","href":"https:\/\/api.w.org\/{rel}","templated":true}]}}